{"id":63,"date":"2020-08-11T19:23:46","date_gmt":"2020-08-11T19:23:46","guid":{"rendered":"https:\/\/bomberospergamino.com\/?page_id=63"},"modified":"2023-12-11T13:56:44","modified_gmt":"2023-12-11T13:56:44","slug":"colaboracion-en-tiempos-dificiles","status":"publish","type":"page","link":"https:\/\/bomberospergamino.com\/","title":{"rendered":"Colabor\u00e1 con los Bomberos"},"content":{"rendered":"\t\t<div data-elementor-type=\"wp-page\" data-elementor-id=\"63\" class=\"elementor elementor-63\">\n\t\t\t\t\t\t\t\t\t<section class=\"elementor-section elementor-top-section elementor-element elementor-element-7586647 elementor-section-boxed elementor-section-height-default elementor-section-height-default\" data-id=\"7586647\" data-element_type=\"section\">\n\t\t\t\t\t\t<div class=\"elementor-container elementor-column-gap-default\">\n\t\t\t\t\t<div class=\"elementor-column elementor-col-100 elementor-top-column elementor-element elementor-element-512badcc\" data-id=\"512badcc\" data-element_type=\"column\">\n\t\t\t<div class=\"elementor-widget-wrap elementor-element-populated\">\n\t\t\t\t\t\t\t\t<div class=\"elementor-element elementor-element-25c423d elementor-arrows-position-inside elementor-pagination-position-outside elementor-widget elementor-widget-image-carousel\" data-id=\"25c423d\" data-element_type=\"widget\" data-settings=\"{&quot;slides_to_show&quot;:&quot;1&quot;,&quot;autoplay_speed&quot;:2000,&quot;navigation&quot;:&quot;both&quot;,&quot;autoplay&quot;:&quot;yes&quot;,&quot;pause_on_hover&quot;:&quot;yes&quot;,&quot;pause_on_interaction&quot;:&quot;yes&quot;,&quot;infinite&quot;:&quot;yes&quot;,&quot;effect&quot;:&quot;slide&quot;,&quot;speed&quot;:500}\" data-widget_type=\"image-carousel.default\">\n\t\t\t\t<div class=\"elementor-widget-container\">\n\t\t\t<style>\/*! elementor - v3.9.2 - 21-12-2022 *\/\n.elementor-widget-image-carousel .swiper-container{position:static}.elementor-widget-image-carousel .swiper-container .swiper-slide figure{line-height:inherit}.elementor-widget-image-carousel .swiper-slide{text-align:center}.elementor-image-carousel-wrapper:not(.swiper-container-initialized) .swiper-slide{max-width:calc(100% \/ var(--e-image-carousel-slides-to-show, 3))}<\/style>\t\t<div class=\"elementor-image-carousel-wrapper swiper-container\" dir=\"ltr\">\n\t\t\t<div class=\"elementor-image-carousel swiper-wrapper\">\n\t\t\t\t\t\t\t\t<div class=\"swiper-slide\"><figure class=\"swiper-slide-inner\"><img class=\"swiper-slide-image\" src=\"https:\/\/bomberospergamino.com\/wp-content\/uploads\/2023\/12\/241481406_3722165231257507_3334990731618585179_n-768x768.jpg\" alt=\"241481406_3722165231257507_3334990731618585179_n\" \/><\/figure><\/div><div class=\"swiper-slide\"><figure class=\"swiper-slide-inner\"><img class=\"swiper-slide-image\" src=\"https:\/\/bomberospergamino.com\/wp-content\/uploads\/2023\/12\/241504741_3722165217924175_3793035917536317957_n-768x768.jpg\" alt=\"241504741_3722165217924175_3793035917536317957_n\" \/><\/figure><\/div>\t\t\t<\/div>\n\t\t\t\t\t\t\t\t\t\t\t\t<div class=\"swiper-pagination\"><\/div>\n\t\t\t\t\t\t\t\t\t\t\t\t\t<div class=\"elementor-swiper-button elementor-swiper-button-prev\">\n\t\t\t\t\t\t<i aria-hidden=\"true\" class=\"eicon-chevron-left\"><\/i>\t\t\t\t\t\t<span class=\"elementor-screen-only\">Anterior<\/span>\n\t\t\t\t\t<\/div>\n\t\t\t\t\t<div class=\"elementor-swiper-button elementor-swiper-button-next\">\n\t\t\t\t\t\t<i aria-hidden=\"true\" class=\"eicon-chevron-right\"><\/i>\t\t\t\t\t\t<span class=\"elementor-screen-only\">Siguiente<\/span>\n\t\t\t\t\t<\/div>\n\t\t\t\t\t\t\t\t\t<\/div>\n\t\t\t\t<\/div>\n\t\t\t\t<\/div>\n\t\t\t\t<div class=\"elementor-element elementor-element-3c293634 elementor-widget elementor-widget-text-editor\" data-id=\"3c293634\" data-element_type=\"widget\" data-widget_type=\"text-editor.default\">\n\t\t\t\t<div class=\"elementor-widget-container\">\n\t\t\t<style>\/*! elementor - v3.9.2 - 21-12-2022 *\/\n.elementor-widget-text-editor.elementor-drop-cap-view-stacked .elementor-drop-cap{background-color:#818a91;color:#fff}.elementor-widget-text-editor.elementor-drop-cap-view-framed .elementor-drop-cap{color:#818a91;border:3px solid;background-color:transparent}.elementor-widget-text-editor:not(.elementor-drop-cap-view-default) .elementor-drop-cap{margin-top:8px}.elementor-widget-text-editor:not(.elementor-drop-cap-view-default) .elementor-drop-cap-letter{width:1em;height:1em}.elementor-widget-text-editor .elementor-drop-cap{float:left;text-align:center;line-height:1;font-size:50px}.elementor-widget-text-editor .elementor-drop-cap-letter{display:inline-block}<\/style>\t\t\t\t<p><!-- wp:image {\"id\":175,\"width\":387,\"height\":387,\"sizeSlug\":\"large\"} --><\/p>\n<figure class=\"wp-block-image size-large is-resized\"><span style=\"font-family: var( --e-global-typography-text-font-family ), Sans-serif; font-weight: var( --e-global-typography-text-font-weight ); font-size: 20px;\">Por la situaci\u00f3n de p\u00fablico conocimiento no contamos con los ingresos habituales y acudimos a la voluntad de nuestra comunidad para pedirles colaboraci\u00f3n. Todos podemos ayudar: es f\u00e1cil y r\u00e1pido.<\/span><\/figure>\n<p><!-- \/wp:paragraph --><\/p>\n<p><!-- wp:paragraph --><\/p>\n<p>Podes convertirte en colaborador sin moverte de tu casa. Podes utilizar dinero que tengas disponible en tu cuenta de Mercado Pago, con tarjeta de cr\u00e9dito o d\u00e9bito<\/p>\n<p><!-- \/wp:paragraph --><\/p>\n<p><!-- wp:paragraph --><\/p>\n<p>\u00a0<\/p>\n<p><!-- \/wp:paragraph --><\/p>\n<p><!-- wp:paragraph --><\/p>\n<p>Tu ayuda es muy importante para garantizar la seguridad y eficiencia de nuestro servicio.<\/p>\n<p><script type=\"text\/javascript\">\n   (function() {\n      function $MPC_load() {\n         window.$MPC_loaded !== true && (function() {\n         var s = document.createElement(\"script\");\n         s.type = \"text\/javascript\";\n         s.async = true;\n         s.src = document.location.protocol + \"\/\/secure.mlstatic.com\/mptools\/render.js\";\n         var x = document.getElementsByTagName('script')[0];\n         x.parentNode.insertBefore(s, x);\n         window.$MPC_loaded = true;\n      })();\n   }\n   window.$MPC_loaded !== true ? (window.attachEvent ? window.attachEvent('onload', $MPC_load) : window.addEventListener('load', $MPC_load, false)) : null;\n   })();\n  \/*\n        \/\/ to receive event with message when closing modal from congrants back to site\n        function $MPC_message(event) {\n          \/\/ onclose modal ->CALLBACK FUNCTION\n         \/\/ !!!!!!!!FUNCTION_CALLBACK HERE Received message: {event.data} preapproval_id !!!!!!!!\n        }\n        window.$MPC_loaded !== true ? (window.addEventListener(\"message\", $MPC_message)) : null; \n        *\/\n<\/script><\/p>\n<p><!-- \/wp:paragraph --><\/p>\t\t\t\t\t\t<\/div>\n\t\t\t\t<\/div>\n\t\t\t\t<div class=\"elementor-element elementor-element-7e66806 elementor-widget elementor-widget-text-editor\" data-id=\"7e66806\" data-element_type=\"widget\" data-widget_type=\"text-editor.default\">\n\t\t\t\t<div class=\"elementor-widget-container\">\n\t\t\t\t\t\t\t\n\n\n<p>Colaborar con $5000:<\/p>\n<p><a class=\"blue-ar-l-rn-none\" href=\"https:\/\/www.mercadopago.com.ar\/subscriptions\/checkout?preapproval_plan_id=2c9380848c34aa1a018c449085720af5\" name=\"MP-payButton\">Suscribirme<\/a> <script type=\"text\/javascript\">\n   (function() {\n      function $MPC_load() {\n         window.$MPC_loaded !== true && (function() {\n         var s = document.createElement(\"script\");\n         s.type = \"text\/javascript\";\n         s.async = true;\n         s.src = document.location.protocol + \"\/\/secure.mlstatic.com\/mptools\/render.js\";\n         var x = document.getElementsByTagName('script')[0];\n         x.parentNode.insertBefore(s, x);\n         window.$MPC_loaded = true;\n      })();\n   }\n   window.$MPC_loaded !== true ? (window.attachEvent ? window.attachEvent('onload', $MPC_load) : window.addEventListener('load', $MPC_load, false)) : null;\n   })();\n  \/*\n        \/\/ to receive event with message when closing modal from congrants back to site\n        function $MPC_message(event) {\n          \/\/ onclose modal ->CALLBACK FUNCTION\n         \/\/ !!!!!!!!FUNCTION_CALLBACK HERE Received message: {event.data} preapproval_id !!!!!!!!\n        }\n        window.$MPC_loaded !== true ? (window.addEventListener(\"message\", $MPC_message)) : null; \n        *\/\n<\/script><\/p>\n<p>&nbsp;<\/p>\n<p>Colaborar con $2000:<\/p>\n<p><a class=\"blue-ar-l-rn-none\" href=\"https:\/\/www.mercadopago.com.ar\/subscriptions\/checkout?preapproval_plan_id=2c9380848c34aa24018c412f451b099e\" name=\"MP-payButton\">Suscribirme<\/a> <script type=\"text\/javascript\">\n   (function() {\n      function $MPC_load() {\n         window.$MPC_loaded !== true && (function() {\n         var s = document.createElement(\"script\");\n         s.type = \"text\/javascript\";\n         s.async = true;\n         s.src = document.location.protocol + \"\/\/secure.mlstatic.com\/mptools\/render.js\";\n         var x = document.getElementsByTagName('script')[0];\n         x.parentNode.insertBefore(s, x);\n         window.$MPC_loaded = true;\n      })();\n   }\n   window.$MPC_loaded !== true ? (window.attachEvent ? window.attachEvent('onload', $MPC_load) : window.addEventListener('load', $MPC_load, false)) : null;\n   })();\n  \/*\n        \/\/ to receive event with message when closing modal from congrants back to site\n        function $MPC_message(event) {\n          \/\/ onclose modal ->CALLBACK FUNCTION\n         \/\/ !!!!!!!!FUNCTION_CALLBACK HERE Received message: {event.data} preapproval_id !!!!!!!!\n        }\n        window.$MPC_loaded !== true ? (window.addEventListener(\"message\", $MPC_message)) : null; \n        *\/\n<\/script><\/p>\n<p>&nbsp;<\/p>\n<p>Colaborar con $1000:\u00a0<\/p>\n<p><a class=\"blue-ar-l-rn-none\" href=\"https:\/\/www.mercadopago.com.ar\/subscriptions\/checkout?preapproval_plan_id=2c9380848c34aa24018c412edc78099b\" name=\"MP-payButton\">Suscribirme<\/a><br \/><script type=\"text\/javascript\">\n   (function() {\n      function $MPC_load() {\n         window.$MPC_loaded !== true && (function() {\n         var s = document.createElement(\"script\");\n         s.type = \"text\/javascript\";\n         s.async = true;\n         s.src = document.location.protocol + \"\/\/secure.mlstatic.com\/mptools\/render.js\";\n         var x = document.getElementsByTagName('script')[0];\n         x.parentNode.insertBefore(s, x);\n         window.$MPC_loaded = true;\n      })();\n   }\n   window.$MPC_loaded !== true ? (window.attachEvent ? window.attachEvent('onload', $MPC_load) : window.addEventListener('load', $MPC_load, false)) : null;\n   })();\n  \/*\n        \/\/ to receive event with message when closing modal from congrants back to site\n        function $MPC_message(event) {\n          \/\/ onclose modal ->CALLBACK FUNCTION\n         \/\/ !!!!!!!!FUNCTION_CALLBACK HERE Received message: {event.data} preapproval_id !!!!!!!!\n        }\n        window.$MPC_loaded !== true ? (window.addEventListener(\"message\", $MPC_message)) : null; \n        *\/\n<\/script><\/p>\n<p>&nbsp;<\/p>\n<p>Colaborar con $500:<\/p>\n<p><a class=\"blue-ar-l-rn-none\" href=\"https:\/\/www.mercadopago.com.ar\/subscriptions\/checkout?preapproval_plan_id=2c9380848c34aa1a018c412e3924095b\" name=\"MP-payButton\">Suscribirme<\/a><br \/><script type=\"text\/javascript\">\n   (function() {\n      function $MPC_load() {\n         window.$MPC_loaded !== true && (function() {\n         var s = document.createElement(\"script\");\n         s.type = \"text\/javascript\";\n         s.async = true;\n         s.src = document.location.protocol + \"\/\/secure.mlstatic.com\/mptools\/render.js\";\n         var x = document.getElementsByTagName('script')[0];\n         x.parentNode.insertBefore(s, x);\n         window.$MPC_loaded = true;\n      })();\n   }\n   window.$MPC_loaded !== true ? (window.attachEvent ? window.attachEvent('onload', $MPC_load) : window.addEventListener('load', $MPC_load, false)) : null;\n   })();\n  \/*\n        \/\/ to receive event with message when closing modal from congrants back to site\n        function $MPC_message(event) {\n          \/\/ onclose modal ->CALLBACK FUNCTION\n         \/\/ !!!!!!!!FUNCTION_CALLBACK HERE Received message: {event.data} preapproval_id !!!!!!!!\n        }\n        window.$MPC_loaded !== true ? (window.addEventListener(\"message\", $MPC_message)) : null; \n        *\/\n<\/script><\/p>\n<p>&nbsp;<\/p>\t\t\t\t\t\t<\/div>\n\t\t\t\t<\/div>\n\t\t\t\t\t<\/div>\n\t\t<\/div>\n\t\t\t\t\t\t\t<\/div>\n\t\t<\/section>\n\t\t\t\t\t\t\t<\/div>\n\t\t","protected":false},"excerpt":{"rendered":"<p>Anterior Siguiente Podes convertirte en colaborador sin moverte de tu casa. Podes utilizar dinero que tengas disponible en tu cuenta de Mercado Pago, con tarjeta de cr\u00e9dito o d\u00e9bito \u00a0&hellip;<a href=\"https:\/\/bomberospergamino.com\/\" class=\"more-link\"><span class=\"more-button\">Leer m\u00e1s<span class=\"screen-reader-text\">Colabor\u00e1 con los Bomberos<\/span><\/span><\/a><\/p>\n","protected":false},"author":1,"featured_media":0,"parent":0,"menu_order":0,"comment_status":"closed","ping_status":"closed","template":"","meta":[],"_links":{"self":[{"href":"https:\/\/bomberospergamino.com\/index.php\/wp-json\/wp\/v2\/pages\/63"}],"collection":[{"href":"https:\/\/bomberospergamino.com\/index.php\/wp-json\/wp\/v2\/pages"}],"about":[{"href":"https:\/\/bomberospergamino.com\/index.php\/wp-json\/wp\/v2\/types\/page"}],"author":[{"embeddable":true,"href":"https:\/\/bomberospergamino.com\/index.php\/wp-json\/wp\/v2\/users\/1"}],"replies":[{"embeddable":true,"href":"https:\/\/bomberospergamino.com\/index.php\/wp-json\/wp\/v2\/comments?post=63"}],"version-history":[{"count":76,"href":"https:\/\/bomberospergamino.com\/index.php\/wp-json\/wp\/v2\/pages\/63\/revisions"}],"predecessor-version":[{"id":519,"href":"https:\/\/bomberospergamino.com\/index.php\/wp-json\/wp\/v2\/pages\/63\/revisions\/519"}],"wp:attachment":[{"href":"https:\/\/bomberospergamino.com\/index.php\/wp-json\/wp\/v2\/media?parent=63"}],"curies":[{"name":"wp","href":"https:\/\/api.w.org\/{rel}","templated":true}]}}