{"id":257,"date":"2020-08-25T02:57:32","date_gmt":"2020-08-25T02:57:32","guid":{"rendered":"https:\/\/bomberospergamino.com\/?page_id=257"},"modified":"2021-10-16T02:00:16","modified_gmt":"2021-10-16T02:00:16","slug":"noticias","status":"publish","type":"page","link":"https:\/\/bomberospergamino.com\/index.php\/noticias\/","title":{"rendered":"Noticias"},"content":{"rendered":"<ul class=\"wp-block-latest-posts__list has-dates wp-block-latest-posts\"><li><div class=\"wp-block-latest-posts__featured-image alignleft\"><img width=\"150\" height=\"150\" src=\"https:\/\/bomberospergamino.com\/wp-content\/uploads\/2021\/11\/a7-1-150x150.jpg\" class=\"attachment-thumbnail size-thumbnail wp-post-image\" alt=\"\" loading=\"lazy\" style=\"\" srcset=\"https:\/\/bomberospergamino.com\/wp-content\/uploads\/2021\/11\/a7-1-150x150.jpg 150w, https:\/\/bomberospergamino.com\/wp-content\/uploads\/2021\/11\/a7-1-300x300.jpg 300w, https:\/\/bomberospergamino.com\/wp-content\/uploads\/2021\/11\/a7-1-100x100.jpg 100w\" sizes=\"(max-width: 150px) 100vw, 150px\" \/><\/div><a href=\"https:\/\/bomberospergamino.com\/index.php\/2021\/11\/29\/capacitacion-de-atencion-al-trauma\/\">Capacitaci\u00f3n de atenci\u00f3n al trauma<\/a><time datetime=\"2021-11-29T21:46:46+00:00\" class=\"wp-block-latest-posts__post-date\">noviembre 29, 2021<\/time><div class=\"wp-block-latest-posts__post-excerpt\">Durante el d\u00eda de ayer y hoy se realiz\u00f3 en nuestro cuartel una capacitaci\u00f3n de atenci\u00f3n al trauma, primeros auxilios y rcp avanzado con un equipo interdiciplinario con una basta&hellip;<a href=\"https:\/\/bomberospergamino.com\/index.php\/2021\/11\/29\/capacitacion-de-atencion-al-trauma\/\" class=\"more-link\"><span class=\"more-button\">Leer m\u00e1s<span class=\"screen-reader-text\">Capacitaci\u00f3n de atenci\u00f3n al trauma<\/span><\/span><\/a><\/div><\/li>\n<li><div class=\"wp-block-latest-posts__featured-image alignleft\"><img width=\"150\" height=\"150\" src=\"https:\/\/bomberospergamino.com\/wp-content\/uploads\/2021\/11\/7-150x150.jpg\" class=\"attachment-thumbnail size-thumbnail wp-post-image\" alt=\"\" loading=\"lazy\" style=\"\" srcset=\"https:\/\/bomberospergamino.com\/wp-content\/uploads\/2021\/11\/7-150x150.jpg 150w, https:\/\/bomberospergamino.com\/wp-content\/uploads\/2021\/11\/7-300x300.jpg 300w, https:\/\/bomberospergamino.com\/wp-content\/uploads\/2021\/11\/7-100x100.jpg 100w\" sizes=\"(max-width: 150px) 100vw, 150px\" \/><\/div><a href=\"https:\/\/bomberospergamino.com\/index.php\/2021\/11\/21\/capacitacion-a-brigada-bayer\/\">Capacitaci\u00f3n a brigada Bayer<\/a><time datetime=\"2021-11-21T14:24:02+00:00\" class=\"wp-block-latest-posts__post-date\">noviembre 21, 2021<\/time><div class=\"wp-block-latest-posts__post-excerpt\">Los d\u00edas 15 y 16 del corriente mes participamos de una jornada de capacitaci\u00f3n en la estaci\u00f3n experimental de Bayer en Fontezuela. Durante estos dos d\u00edas miembros de nuestro personal&hellip;<a href=\"https:\/\/bomberospergamino.com\/index.php\/2021\/11\/21\/capacitacion-a-brigada-bayer\/\" class=\"more-link\"><span class=\"more-button\">Leer m\u00e1s<span class=\"screen-reader-text\">Capacitaci\u00f3n a brigada Bayer<\/span><\/span><\/a><\/div><\/li>\n<li><div class=\"wp-block-latest-posts__featured-image alignleft\"><img width=\"150\" height=\"150\" src=\"https:\/\/bomberospergamino.com\/wp-content\/uploads\/2021\/11\/Portada-150x150.jpg\" class=\"attachment-thumbnail size-thumbnail wp-post-image\" alt=\"\" loading=\"lazy\" style=\"\" srcset=\"https:\/\/bomberospergamino.com\/wp-content\/uploads\/2021\/11\/Portada-150x150.jpg 150w, https:\/\/bomberospergamino.com\/wp-content\/uploads\/2021\/11\/Portada-300x300.jpg 300w, https:\/\/bomberospergamino.com\/wp-content\/uploads\/2021\/11\/Portada-100x100.jpg 100w\" sizes=\"(max-width: 150px) 100vw, 150px\" \/><\/div><a href=\"https:\/\/bomberospergamino.com\/index.php\/2021\/11\/03\/visita-a-jardin-santa-julia-con-maria\/\">Visita al Jard\u00edn de Infantes Santa Julia.<\/a><time datetime=\"2021-11-03T23:52:15+00:00\" class=\"wp-block-latest-posts__post-date\">noviembre 3, 2021<\/time><div class=\"wp-block-latest-posts__post-excerpt\">En el d\u00eda de hoy los responsables de la brigada K9 se hicieron presente con Mar\u00eda en el Jard\u00edn de infantes Santa Julia, d\u00f3nde se le hicieron preguntas de su&hellip;<a href=\"https:\/\/bomberospergamino.com\/index.php\/2021\/11\/03\/visita-a-jardin-santa-julia-con-maria\/\" class=\"more-link\"><span class=\"more-button\">Leer m\u00e1s<span class=\"screen-reader-text\">Visita al Jard\u00edn de Infantes Santa Julia.<\/span><\/span><\/a><\/div><\/li>\n<li><div class=\"wp-block-latest-posts__featured-image alignleft\"><img width=\"150\" height=\"150\" src=\"https:\/\/bomberospergamino.com\/wp-content\/uploads\/2021\/10\/portada-150x150.jpg\" class=\"attachment-thumbnail size-thumbnail wp-post-image\" alt=\"\" loading=\"lazy\" style=\"\" srcset=\"https:\/\/bomberospergamino.com\/wp-content\/uploads\/2021\/10\/portada-150x150.jpg 150w, https:\/\/bomberospergamino.com\/wp-content\/uploads\/2021\/10\/portada-300x300.jpg 300w, https:\/\/bomberospergamino.com\/wp-content\/uploads\/2021\/10\/portada-768x768.jpg 768w, https:\/\/bomberospergamino.com\/wp-content\/uploads\/2021\/10\/portada-620x620.jpg 620w, https:\/\/bomberospergamino.com\/wp-content\/uploads\/2021\/10\/portada-600x600.jpg 600w, https:\/\/bomberospergamino.com\/wp-content\/uploads\/2021\/10\/portada-400x400.jpg 400w, https:\/\/bomberospergamino.com\/wp-content\/uploads\/2021\/10\/portada-100x100.jpg 100w, https:\/\/bomberospergamino.com\/wp-content\/uploads\/2021\/10\/portada.jpg 960w\" sizes=\"(max-width: 150px) 100vw, 150px\" \/><\/div><a href=\"https:\/\/bomberospergamino.com\/index.php\/2021\/10\/27\/accidente-de-avioneta\/\">Accidente de Avioneta<\/a><time datetime=\"2021-10-27T00:28:34+00:00\" class=\"wp-block-latest-posts__post-date\">octubre 27, 2021<\/time><div class=\"wp-block-latest-posts__post-excerpt\">Cerca de las 18:00hs del d\u00eda Martes, acudimos a un accidente con el M\u00f3vil N\u00b0 12 en un campo ubicado en el kil\u00f3metro 234 de la ruta nacional 8. El&hellip;<a href=\"https:\/\/bomberospergamino.com\/index.php\/2021\/10\/27\/accidente-de-avioneta\/\" class=\"more-link\"><span class=\"more-button\">Leer m\u00e1s<span class=\"screen-reader-text\">Accidente de Avioneta<\/span><\/span><\/a><\/div><\/li>\n<li><div class=\"wp-block-latest-posts__featured-image alignleft\"><img width=\"150\" height=\"150\" src=\"https:\/\/bomberospergamino.com\/wp-content\/uploads\/2021\/10\/bac37bc3-289d-44e6-b676-831635557a13-1-150x150.jpg\" class=\"attachment-thumbnail size-thumbnail wp-post-image\" alt=\"\" loading=\"lazy\" style=\"\" srcset=\"https:\/\/bomberospergamino.com\/wp-content\/uploads\/2021\/10\/bac37bc3-289d-44e6-b676-831635557a13-1-150x150.jpg 150w, https:\/\/bomberospergamino.com\/wp-content\/uploads\/2021\/10\/bac37bc3-289d-44e6-b676-831635557a13-1-300x300.jpg 300w, https:\/\/bomberospergamino.com\/wp-content\/uploads\/2021\/10\/bac37bc3-289d-44e6-b676-831635557a13-1-100x100.jpg 100w\" sizes=\"(max-width: 150px) 100vw, 150px\" \/><\/div><a href=\"https:\/\/bomberospergamino.com\/index.php\/2021\/10\/25\/nueva-practica-de-k9\/\">Nueva pr\u00e1ctica de K9<\/a><time datetime=\"2021-10-25T16:27:46+00:00\" class=\"wp-block-latest-posts__post-date\">octubre 25, 2021<\/time><div class=\"wp-block-latest-posts__post-excerpt\">En el d\u00eda de ayer, se realiz\u00f3 una nueva pr\u00e1ctica de la brigada canina en el parque municipal para que Nina, la integrante m\u00e1s joven que tenemos, realice los ejercicios&hellip;<a href=\"https:\/\/bomberospergamino.com\/index.php\/2021\/10\/25\/nueva-practica-de-k9\/\" class=\"more-link\"><span class=\"more-button\">Leer m\u00e1s<span class=\"screen-reader-text\">Nueva pr\u00e1ctica de K9<\/span><\/span><\/a><\/div><\/li>\n<\/ul>\n\n\n<p><\/p>\n","protected":false},"excerpt":{"rendered":"","protected":false},"author":1,"featured_media":0,"parent":0,"menu_order":0,"comment_status":"closed","ping_status":"closed","template":"","meta":[],"_links":{"self":[{"href":"https:\/\/bomberospergamino.com\/index.php\/wp-json\/wp\/v2\/pages\/257"}],"collection":[{"href":"https:\/\/bomberospergamino.com\/index.php\/wp-json\/wp\/v2\/pages"}],"about":[{"href":"https:\/\/bomberospergamino.com\/index.php\/wp-json\/wp\/v2\/types\/page"}],"author":[{"embeddable":true,"href":"https:\/\/bomberospergamino.com\/index.php\/wp-json\/wp\/v2\/users\/1"}],"replies":[{"embeddable":true,"href":"https:\/\/bomberospergamino.com\/index.php\/wp-json\/wp\/v2\/comments?post=257"}],"version-history":[{"count":6,"href":"https:\/\/bomberospergamino.com\/index.php\/wp-json\/wp\/v2\/pages\/257\/revisions"}],"predecessor-version":[{"id":352,"href":"https:\/\/bomberospergamino.com\/index.php\/wp-json\/wp\/v2\/pages\/257\/revisions\/352"}],"wp:attachment":[{"href":"https:\/\/bomberospergamino.com\/index.php\/wp-json\/wp\/v2\/media?parent=257"}],"curies":[{"name":"wp","href":"https:\/\/api.w.org\/{rel}","templated":true}]}}