{"id":155,"date":"2020-08-16T01:58:29","date_gmt":"2020-08-16T01:58:29","guid":{"rendered":"https:\/\/bomberospergamino.com\/?page_id=155"},"modified":"2020-08-22T14:23:53","modified_gmt":"2020-08-22T14:23:53","slug":"historia","status":"publish","type":"page","link":"https:\/\/bomberospergamino.com\/index.php\/historia\/","title":{"rendered":"Historia"},"content":{"rendered":"\n<p>Todo comenz\u00f3 un 21 de abril de 1944, cuando un grupo de vecinos de Pergamino, respondiendo a la invitaci\u00f3n de Don Juan Carlos Parborell, este en esos momentos se encontraba al frente del Departamento Ejecutivo Municipal y hab\u00eda recogido una inquietud expresada desde altas esferas gubernamentales, plante\u00f3 la necesidad de organizar un Cuerpo de Bomberos Voluntarios, capacitado para resguardar la seguridad de la poblaci\u00f3n.<\/p>\n\n\n\n<p>La respuesta fue positiva, comprendiendo que se necesitaba una organizaci\u00f3n de esas caracter\u00edsticas para acompa\u00f1ar el crecimiento de la ciudad y asegurar medios defensivos ante incendios y otros contratiempos que afectaran la tranquilidad de los vecinos.<\/p>\n\n\n\n<p>Se form\u00f3 una previa Comisi\u00f3n Organizadora que acompa\u00f1o la determinaci\u00f3n del Municipio, la misma promovi\u00f3 una reuni\u00f3n p\u00fablica, abierta a todas las personas interesadas en el proyecto para el 26 de abril de 1944 en el Sal\u00f3n del Consejo Deliberante, teniendo eco favorable y apoyo un\u00e1nime para la creaci\u00f3n de un Cuerpo de Bomberos Voluntarios<\/p>\n\n\n\n<p>Fueron surgiendo sugerencias e ideas. El jefe del Distrito de Obras Sanitarias de la Naci\u00f3n, el Ingeniero Caride, dispon\u00eda de 80 metros de mangueras en calidad de pr\u00e9stamo, para ser utilizadas por \u00e9l Cuerpo en los \u201cCarros de Riego\u201d, que facilitaba la Municipalidad y contaban con dispositivo utilizable como bomba impulsora. El comisionado Parborell, a su vez, ofreci\u00f3 personal para colaborar en tareas de oficina, suministro de \u00fatiles, y local para reunirse.<\/p>\n\n\n\n<p>Se constituye entonces la definitiva Comisi\u00f3n Revisora, para dar cumplimiento a los tr\u00e1mites y formalidades para lograr el objetivo. La misma fue compuesta por los vecinos que conformaban la Comisi\u00f3n Organizadora antes mencionada.<\/p>\n\n\n\n<p>En reuniones posteriores, en los d\u00edas 3 y 17 de mayo de 1944, se informa que el Jefe del Cuerpo de Bomberos de Capital Federal, Inspector Gral. Del Campo, apoya el proyecto, y da la conformidad al Sargento Ayudante Domingo Lico para desempe\u00f1arse como instructor.<\/p>\n\n\n\n<p>Se dio aprobaci\u00f3n al anteproyecto de estatuto para ser sometido a la Asamblea Extraordinaria Constitutiva, convocada para el 30 de mayo de 1944 a las 19:00 Hs.<\/p>\n\n\n\n<div class=\"wp-block-image\"><figure class=\"aligncenter size-large is-resized\"><img loading=\"lazy\" src=\"https:\/\/bomberospergamino.com\/wp-content\/uploads\/2020\/08\/1944-05-30TIE-1-585x1024.jpg\" alt=\"\" class=\"wp-image-183\" width=\"242\" height=\"423\" srcset=\"https:\/\/bomberospergamino.com\/wp-content\/uploads\/2020\/08\/1944-05-30TIE-1-585x1024.jpg 585w, https:\/\/bomberospergamino.com\/wp-content\/uploads\/2020\/08\/1944-05-30TIE-1-171x300.jpg 171w, https:\/\/bomberospergamino.com\/wp-content\/uploads\/2020\/08\/1944-05-30TIE-1-768x1344.jpg 768w, https:\/\/bomberospergamino.com\/wp-content\/uploads\/2020\/08\/1944-05-30TIE-1-878x1536.jpg 878w, https:\/\/bomberospergamino.com\/wp-content\/uploads\/2020\/08\/1944-05-30TIE-1-1170x2048.jpg 1170w, https:\/\/bomberospergamino.com\/wp-content\/uploads\/2020\/08\/1944-05-30TIE-1-600x1050.jpg 600w, https:\/\/bomberospergamino.com\/wp-content\/uploads\/2020\/08\/1944-05-30TIE-1-scaled.jpg 1463w\" sizes=\"(max-width: 242px) 100vw, 242px\" \/><figcaption><em>30 de mayo de 1944 \u2013 Diario \u201cEl Tiempo\u201d<\/em><\/figcaption><\/figure><\/div>\n\n\n\n<p>Los pasos iniciales se hab\u00edan cumplido, llego el 30 de mayo de 1944 y en el Recinto del Consejo Deliberante de Pergamino, quien fuera testigo del nacimiento del Cuerpo de bomberos Voluntarios de Pergamino estuvieron presentes: el Comisionado Parborell, los miembros de la Comisi\u00f3n Revisora y gran n\u00fameros de vecinos, quienes firmaron el libro de asistencia y fueron considerados \u201cSocios Fundadores de la Sociedad de Bomberos Voluntarios de Pergamino\u201d.<\/p>\n\n\n\n<div class=\"wp-block-image\"><figure class=\"alignright size-large is-resized\"><img loading=\"lazy\" src=\"https:\/\/bomberospergamino.com\/wp-content\/uploads\/2020\/08\/1944-05-31TIE-1-478x1024.jpg\" alt=\"\" class=\"wp-image-184\" width=\"445\" height=\"953\" srcset=\"https:\/\/bomberospergamino.com\/wp-content\/uploads\/2020\/08\/1944-05-31TIE-1-478x1024.jpg 478w, https:\/\/bomberospergamino.com\/wp-content\/uploads\/2020\/08\/1944-05-31TIE-1-140x300.jpg 140w, https:\/\/bomberospergamino.com\/wp-content\/uploads\/2020\/08\/1944-05-31TIE-1-768x1644.jpg 768w, https:\/\/bomberospergamino.com\/wp-content\/uploads\/2020\/08\/1944-05-31TIE-1-717x1536.jpg 717w, https:\/\/bomberospergamino.com\/wp-content\/uploads\/2020\/08\/1944-05-31TIE-1-957x2048.jpg 957w, https:\/\/bomberospergamino.com\/wp-content\/uploads\/2020\/08\/1944-05-31TIE-1-600x1285.jpg 600w, https:\/\/bomberospergamino.com\/wp-content\/uploads\/2020\/08\/1944-05-31TIE-1-scaled.jpg 1196w\" sizes=\"(max-width: 445px) 100vw, 445px\" \/><figcaption><em>31 de mayo de 1944 \u2013 Diario \u201cEl Tiempo\u201d<\/em><\/figcaption><\/figure><\/div>\n\n\n\n<p>Esta decisi\u00f3n vecinal, deposit\u00f3 la confianza en los vecinos que formaron la primera \u201cEscuadra Voluntariosa\u201d empe\u00f1ada en dotar a Pergamino de su propio Cuerpo de Bomberos Voluntarios; teniendo origen el \u201cPrimer Cuartel\u201d en el Corral\u00f3n Municipal. All\u00ed se encontraba los carros de riego, los que enfrentaban el fuego cuando lo requer\u00eda el servicio, las mangueras y dem\u00e1s elementos de lucha cedidos por el Distrito de Obras Sanitarias y adem\u00e1s el personal encargado de su funcionamiento. Este proven\u00eda del presupuesto de la Comuna, con la responsabilidad de cubrir las plazas de bomberos.<\/p>\n\n\n\n<p>Dado que se dispon\u00eda de escasos veh\u00edculos para trasladar a los Bomberos a incendios en pueblos del Partido y lugares distantes de la ciudad, se alquilaban taxis.<\/p>\n\n\n\n<p>Transcurrido el tiempo, Cuartel de Bomberos, Talleres y Dep\u00f3sitos Municipales, no pod\u00edan funcionar en el mismo espacio. Por tal motivo en el a\u00f1o 1945, se estudia la posibilidad de alquilar un local c\u00e9ntrico para funcionar como sede de la Sociedad.<\/p>\n\n\n\n<p>La Comisi\u00f3n Directiva aprob\u00f3 el 15 de abril de 1945, la propuesta de alquilar un local en Calle Merced 275\/79, para el \u201cPrimer Cuartel del Cuerpo\u201d y convertirlo en sede oficial de la Instituci\u00f3n. El d\u00eda 31 de mayo de 1946 se celebr\u00f3 la primera Reuni\u00f3n bajo su propio techo.<\/p>\n\n\n\n<p>Los bomberos que integraban la Dotaci\u00f3n de Tropa bajo la Jefatura del Instructor Domingo Lico, eran: Enrique Bressani, Pedro Contardi, Miguel Albanese, Manuel Mart\u00ednez, Fernando Gilio, Alfredo Gilio, Constantino Ruggero, Miguel Barros, Jos\u00e9 Barbarito, Francisco Vives, Pedro Alvarez e Ismael Rementer\u00eda.<\/p>\n\n\n\n<p>La ciudad hab\u00eda iniciado un crecimiento demogr\u00e1fico y de expansi\u00f3n laboral. El cuerpo de Bomberos Voluntarios deb\u00eda brindar capacitaciones a sus servidores y necesitaba m\u00e1s personal.<\/p>\n\n\n\n<p><\/p>\n\n\n\n<p><\/p>\n\n\n\n<p><\/p>\n\n\n\n<p>Pasado el tiempo y luego de varias gestiones, para el 24 de diciembre de 1952, en el Cuartel Central de Bomberos de Capital Federal, hacen entrega de la \u201cPrimer Autobomba\u201d, asignada al Cuartel de Bomberos de Pergamino, trat\u00e1ndose de una autobomba usada, marca Ford, reci\u00e9n terminada de rectificar y en perfectas condiciones, pintada en su totalidad y equipada.<\/p>\n\n\n\n<figure class=\"wp-block-gallery columns-2 is-cropped\"><ul class=\"blocks-gallery-grid\"><li class=\"blocks-gallery-item\"><figure><img loading=\"lazy\" width=\"1024\" height=\"824\" src=\"https:\/\/bomberospergamino.com\/wp-content\/uploads\/2020\/08\/1952-12-16OPI-2-1024x824.jpg\" alt=\"\" data-id=\"193\" data-link=\"https:\/\/bomberospergamino.com\/index.php\/historia\/1952-12-16opi-2\/\" class=\"wp-image-193\" srcset=\"https:\/\/bomberospergamino.com\/wp-content\/uploads\/2020\/08\/1952-12-16OPI-2-1024x824.jpg 1024w, https:\/\/bomberospergamino.com\/wp-content\/uploads\/2020\/08\/1952-12-16OPI-2-300x241.jpg 300w, https:\/\/bomberospergamino.com\/wp-content\/uploads\/2020\/08\/1952-12-16OPI-2-768x618.jpg 768w, https:\/\/bomberospergamino.com\/wp-content\/uploads\/2020\/08\/1952-12-16OPI-2-1536x1235.jpg 1536w, https:\/\/bomberospergamino.com\/wp-content\/uploads\/2020\/08\/1952-12-16OPI-2-2048x1647.jpg 2048w, https:\/\/bomberospergamino.com\/wp-content\/uploads\/2020\/08\/1952-12-16OPI-2-600x483.jpg 600w\" sizes=\"(max-width: 1024px) 100vw, 1024px\" \/><\/figure><\/li><li class=\"blocks-gallery-item\"><figure><img loading=\"lazy\" width=\"1024\" height=\"666\" src=\"https:\/\/bomberospergamino.com\/wp-content\/uploads\/2020\/08\/IMG_1913-1024x666.jpg\" alt=\"\" data-id=\"194\" data-full-url=\"https:\/\/bomberospergamino.com\/wp-content\/uploads\/2020\/08\/IMG_1913-scaled.jpg\" data-link=\"https:\/\/bomberospergamino.com\/index.php\/historia\/img_1913\/\" class=\"wp-image-194\" srcset=\"https:\/\/bomberospergamino.com\/wp-content\/uploads\/2020\/08\/IMG_1913-1024x666.jpg 1024w, https:\/\/bomberospergamino.com\/wp-content\/uploads\/2020\/08\/IMG_1913-300x195.jpg 300w, https:\/\/bomberospergamino.com\/wp-content\/uploads\/2020\/08\/IMG_1913-768x500.jpg 768w, https:\/\/bomberospergamino.com\/wp-content\/uploads\/2020\/08\/IMG_1913-1536x1000.jpg 1536w, https:\/\/bomberospergamino.com\/wp-content\/uploads\/2020\/08\/IMG_1913-2048x1333.jpg 2048w, https:\/\/bomberospergamino.com\/wp-content\/uploads\/2020\/08\/IMG_1913-600x390.jpg 600w\" sizes=\"(max-width: 1024px) 100vw, 1024px\" \/><\/figure><\/li><\/ul><figcaption class=\"blocks-gallery-caption\">    16 de Diciembre de 1952 &#8211; Diario &#8220;La Opini\u00f3n&#8221; y Estado actual del M\u00f3vil 1                                                                                                          <\/figcaption><\/figure>\n\n\n\n<p><\/p>\n\n\n\n<p>El 31 de mayo de 1953, la Comisi\u00f3n Directiva realiza una campa\u00f1a de recaudaci\u00f3n de fondos para poder comprar un terreno propio. Los recursos que consegu\u00edan no eran suficientes, por lo que fines del a\u00f1o 1957 se gestion\u00f3 la donaci\u00f3n de alg\u00fan terreno Municipal. Se ten\u00eda en vista uno sobre calle Castelli entre Monteagudo y Bv. Col\u00f3n, lugar donde hoy se encuentra el Cuartel Central.<\/p>\n\n\n\n<p>EL 10 de octubre de 1958, la Municipalidad dicta la Ordenanza cediendo el terreno en cuesti\u00f3n, Identificando con el n\u00famero 1231 de calle Castelli. <\/p>\n\n\n\n<p>El 6 de marzo de 1959, se coloc\u00f3 la \u201cPiedra B\u00e1sica\u201d del edificio; con previa informaci\u00f3n publicada en los Diarios \u201cLa opini\u00f3n\u201d y \u201cEl tiempo\u201d.<\/p>\n\n\n\n<figure class=\"wp-block-image size-large\"><img loading=\"lazy\" width=\"1024\" height=\"653\" src=\"https:\/\/bomberospergamino.com\/wp-content\/uploads\/2020\/08\/1960-03-06OPI-2-1024x653.jpg\" alt=\"\" class=\"wp-image-224\" srcset=\"https:\/\/bomberospergamino.com\/wp-content\/uploads\/2020\/08\/1960-03-06OPI-2-1024x653.jpg 1024w, https:\/\/bomberospergamino.com\/wp-content\/uploads\/2020\/08\/1960-03-06OPI-2-300x191.jpg 300w, https:\/\/bomberospergamino.com\/wp-content\/uploads\/2020\/08\/1960-03-06OPI-2-768x490.jpg 768w, https:\/\/bomberospergamino.com\/wp-content\/uploads\/2020\/08\/1960-03-06OPI-2-1536x979.jpg 1536w, https:\/\/bomberospergamino.com\/wp-content\/uploads\/2020\/08\/1960-03-06OPI-2-2048x1306.jpg 2048w, https:\/\/bomberospergamino.com\/wp-content\/uploads\/2020\/08\/1960-03-06OPI-2-600x383.jpg 600w\" sizes=\"(max-width: 1024px) 100vw, 1024px\" \/><figcaption>6 de Marzo de 1960 &#8211; Diario &#8220;La Opini\u00f3n&#8221;<\/figcaption><\/figure>\n\n\n\n<p>La Direcci\u00f3n Nacional de Defensa Anti\u00e9rea Pasiva, don\u00f3 en 1959 la \u201csirena\u201d y su respectiva torre para el Cuartel; siendo esta de uso actual.<\/p>\n\n\n\n<p>El 9 de julio de 1962, se realiz\u00f3 el acto de la inauguraci\u00f3n del Cuartel de Bomberos Voluntarios, bendijo al mismo el P\u00e1rroco de la Merced, Padre Antonio Rom\u00e1n.<\/p>\n\n\n\n<figure class=\"wp-block-image size-large\"><img loading=\"lazy\" width=\"1024\" height=\"659\" src=\"https:\/\/bomberospergamino.com\/wp-content\/uploads\/2020\/08\/1962-07-11OPI-4-1024x659.jpg\" alt=\"\" class=\"wp-image-226\" srcset=\"https:\/\/bomberospergamino.com\/wp-content\/uploads\/2020\/08\/1962-07-11OPI-4-1024x659.jpg 1024w, https:\/\/bomberospergamino.com\/wp-content\/uploads\/2020\/08\/1962-07-11OPI-4-300x193.jpg 300w, https:\/\/bomberospergamino.com\/wp-content\/uploads\/2020\/08\/1962-07-11OPI-4-768x495.jpg 768w, https:\/\/bomberospergamino.com\/wp-content\/uploads\/2020\/08\/1962-07-11OPI-4-1536x989.jpg 1536w, https:\/\/bomberospergamino.com\/wp-content\/uploads\/2020\/08\/1962-07-11OPI-4-2048x1319.jpg 2048w, https:\/\/bomberospergamino.com\/wp-content\/uploads\/2020\/08\/1962-07-11OPI-4-600x386.jpg 600w\" sizes=\"(max-width: 1024px) 100vw, 1024px\" \/><figcaption>11 de Julio de de 1962 &#8211; Diario &#8220;La Opini\u00f3n&#8221;<\/figcaption><\/figure>\n\n\n\n<p>Este paso progresista demando esfuerzos econ\u00f3micos y largas gestiones. Para obtener la donaci\u00f3n de los materiales necesarios se obtuvo un amplio y generoso apoyo de autoridades p\u00fablicas, de amigos, de vecinos y colaboradores.<\/p>\n\n\n\n<p>En enero de 1966, la Sociedad de Bomberos manifiesta por primera vez, la preocupaci\u00f3n por adquirir una \u201cEscalera Mec\u00e1nica\u201d, para cubrir exigencias en circunstancias extrema, dado el nucleamiento edilicio de altura en la zona c\u00e9ntrica y en diferentes barrios, pero este acto de visi\u00f3n futurista no fue considerado por las autoridades.<\/p>\n\n\n\n<p>Para estos a\u00f1os las comodidades del edificio donde funcionaba el cuartel, eran limitadas por lo que se incorporaron mejoras. Sucedi\u00f3 que en poco andar esa capacidad era insuficiente, por lo&nbsp; tanto se gestion\u00f3 la propiedad Municipal lindera por calle Castelli, petici\u00f3n positiva mediante autorizaci\u00f3n de la Provincia conforme a la Ley 9578 y Decreto 9446 de fecha 20 de noviembre de 1975.<\/p>\n\n\n\n<p>De inmediato se construye un amplio tinglado destinado a \u201cSala de M\u00e1quinas\u201d, con remodelaci\u00f3n del espacio que ocupaba la anterior, para convertirlo en \u201cCasino\u201d y ubicar las oficinas administrativas de la Sociedad. Las ampliaciones y mejoras se habilitaron en agosto de 1979.<\/p>\n\n\n\n<figure class=\"wp-block-gallery columns-1 is-cropped\"><ul class=\"blocks-gallery-grid\"><li class=\"blocks-gallery-item\"><figure><img loading=\"lazy\" width=\"355\" height=\"1024\" src=\"https:\/\/bomberospergamino.com\/wp-content\/uploads\/2020\/08\/1979-08-20TIE-2-1-355x1024.jpg\" alt=\"\" data-id=\"231\" data-full-url=\"https:\/\/bomberospergamino.com\/wp-content\/uploads\/2020\/08\/1979-08-20TIE-2-1-scaled.jpg\" data-link=\"https:\/\/bomberospergamino.com\/index.php\/historia\/1979-08-20tie-2-1\/\" class=\"wp-image-231\" srcset=\"https:\/\/bomberospergamino.com\/wp-content\/uploads\/2020\/08\/1979-08-20TIE-2-1-355x1024.jpg 355w, https:\/\/bomberospergamino.com\/wp-content\/uploads\/2020\/08\/1979-08-20TIE-2-1-104x300.jpg 104w, https:\/\/bomberospergamino.com\/wp-content\/uploads\/2020\/08\/1979-08-20TIE-2-1-768x2213.jpg 768w, https:\/\/bomberospergamino.com\/wp-content\/uploads\/2020\/08\/1979-08-20TIE-2-1-533x1536.jpg 533w, https:\/\/bomberospergamino.com\/wp-content\/uploads\/2020\/08\/1979-08-20TIE-2-1-711x2048.jpg 711w, https:\/\/bomberospergamino.com\/wp-content\/uploads\/2020\/08\/1979-08-20TIE-2-1-600x1729.jpg 600w, https:\/\/bomberospergamino.com\/wp-content\/uploads\/2020\/08\/1979-08-20TIE-2-1-scaled.jpg 888w\" sizes=\"(max-width: 355px) 100vw, 355px\" \/><\/figure><\/li><\/ul><figcaption class=\"blocks-gallery-caption\">20 de Agosto de 1979 &#8211; Diario &#8220;La Opini\u00f3n&#8221;<\/figcaption><\/figure>\n\n\n\n<p>En la Asamblea de Delegados de la Cooperativa El\u00e9ctrica de Pergamino, que se realiz\u00f3 el 9 de julio de 1994, se aprob\u00f3 por unanimidad el proyecto de esa entidad para adquirir en Estados Unidos una \u201cAutobomba con Escalera Mec\u00e1nica\u201d, destinada a nuestro Cuerpo. Los recursos de obtuvieron de un recargo de cincuenta centavos que se aplic\u00f3 a cada socio en la factura mensual de consumo el\u00e9ctrico.<\/p>\n\n\n\n<p>La Escalera Mec\u00e1nica llego al Cuartel Central, el d\u00eda 8 de octubre de 1994.<\/p>\n\n\n\n<figure class=\"wp-block-gallery columns-2 is-cropped\"><ul class=\"blocks-gallery-grid\"><li class=\"blocks-gallery-item\"><figure><img loading=\"lazy\" width=\"1024\" height=\"928\" src=\"https:\/\/bomberospergamino.com\/wp-content\/uploads\/2020\/08\/1994-10-08OPI-6-1024x928.jpg\" alt=\"\" data-id=\"235\" data-full-url=\"https:\/\/bomberospergamino.com\/wp-content\/uploads\/2020\/08\/1994-10-08OPI-6-scaled.jpg\" data-link=\"https:\/\/bomberospergamino.com\/index.php\/historia\/1994-10-08opi-6\/\" class=\"wp-image-235\" srcset=\"https:\/\/bomberospergamino.com\/wp-content\/uploads\/2020\/08\/1994-10-08OPI-6-1024x928.jpg 1024w, https:\/\/bomberospergamino.com\/wp-content\/uploads\/2020\/08\/1994-10-08OPI-6-300x272.jpg 300w, https:\/\/bomberospergamino.com\/wp-content\/uploads\/2020\/08\/1994-10-08OPI-6-768x696.jpg 768w, https:\/\/bomberospergamino.com\/wp-content\/uploads\/2020\/08\/1994-10-08OPI-6-1536x1392.jpg 1536w, https:\/\/bomberospergamino.com\/wp-content\/uploads\/2020\/08\/1994-10-08OPI-6-2048x1856.jpg 2048w, https:\/\/bomberospergamino.com\/wp-content\/uploads\/2020\/08\/1994-10-08OPI-6-600x544.jpg 600w\" sizes=\"(max-width: 1024px) 100vw, 1024px\" \/><figcaption class=\"blocks-gallery-item__caption\">8 de Octubre de 1994 &#8211; Diario &#8220;La Opini\u00f3n&#8221;<\/figcaption><\/figure><\/li><li class=\"blocks-gallery-item\"><figure><img loading=\"lazy\" width=\"881\" height=\"1024\" src=\"https:\/\/bomberospergamino.com\/wp-content\/uploads\/2020\/08\/1994-10-24TIE-3-881x1024.jpg\" alt=\"\" data-id=\"234\" data-full-url=\"https:\/\/bomberospergamino.com\/wp-content\/uploads\/2020\/08\/1994-10-24TIE-3-scaled.jpg\" data-link=\"https:\/\/bomberospergamino.com\/index.php\/historia\/1994-10-24tie-3\/\" class=\"wp-image-234\" srcset=\"https:\/\/bomberospergamino.com\/wp-content\/uploads\/2020\/08\/1994-10-24TIE-3-881x1024.jpg 881w, https:\/\/bomberospergamino.com\/wp-content\/uploads\/2020\/08\/1994-10-24TIE-3-258x300.jpg 258w, https:\/\/bomberospergamino.com\/wp-content\/uploads\/2020\/08\/1994-10-24TIE-3-768x893.jpg 768w, https:\/\/bomberospergamino.com\/wp-content\/uploads\/2020\/08\/1994-10-24TIE-3-1322x1536.jpg 1322w, https:\/\/bomberospergamino.com\/wp-content\/uploads\/2020\/08\/1994-10-24TIE-3-1762x2048.jpg 1762w, https:\/\/bomberospergamino.com\/wp-content\/uploads\/2020\/08\/1994-10-24TIE-3-600x697.jpg 600w\" sizes=\"(max-width: 881px) 100vw, 881px\" \/><figcaption class=\"blocks-gallery-item__caption\">24 de Octubre de 1994 &#8211; Diario &#8220;El Tiempo&#8221;<\/figcaption><\/figure><\/li><\/ul><\/figure>\n\n\n\n<p>El d\u00eda 7 de abril de 1995, a las 5 y por espacio de 5 horas, se precipitaron 320 mil\u00edmetros de una lluvia torrencial en Pergamino y alrededores. La ciudad qued\u00f3 a merced de las aguas. La poblaci\u00f3n vivi\u00f3 horas de angustia y d\u00edas de tragedia en los que despert\u00f3 su oculto hero\u00edsmo, aflorando tambi\u00e9n la solidaridad.En horas de la ma\u00f1ana la gente sal\u00eda despavorida de su casa cuando al despertarse comprobaba que en el interior de sus viviendas, las mismas se encontraban anegadas y la fachada de sus casas iban desapareciendo bajo el agua que sub\u00eda en forma alarmante.<\/p>\n\n\n\n<p>Lamentablemente sufrimos p\u00e9rdidas humanas y nos toc\u00f3 vivirlo en primera persona, un compa\u00f1ero, un camarada, un AMIGO nuestro dejo su vida en aquella tr\u00e1gica inundaci\u00f3n. Excelente persona, compa\u00f1ero fiel y servicial. Era un HOMBRE muy joven que se fue demasiado temprano por el solo hecho de seguir su vocaci\u00f3n de servicio. Cada d\u00eda que pase, en cada salida lo recordamos.\u00a0<\/p>\n\n\n\n<figure class=\"wp-block-image size-large\"><img loading=\"lazy\" width=\"768\" height=\"988\" src=\"https:\/\/bomberospergamino.com\/wp-content\/uploads\/2020\/08\/20200822_112201.jpg\" alt=\"\" class=\"wp-image-242\" srcset=\"https:\/\/bomberospergamino.com\/wp-content\/uploads\/2020\/08\/20200822_112201.jpg 768w, https:\/\/bomberospergamino.com\/wp-content\/uploads\/2020\/08\/20200822_112201-233x300.jpg 233w, https:\/\/bomberospergamino.com\/wp-content\/uploads\/2020\/08\/20200822_112201-600x772.jpg 600w\" sizes=\"(max-width: 768px) 100vw, 768px\" \/><figcaption>10 de Abril de 1995 &#8211; Diario &#8220;El Tiempo&#8221;<\/figcaption><\/figure>\n\n\n\n<p>No hay amor m\u00e1s grande que dar la vida por los dem\u00e1s.<\/p>\n","protected":false},"excerpt":{"rendered":"<p>Todo comenz\u00f3 un 21 de abril de 1944, cuando un grupo de vecinos de Pergamino, respondiendo a la invitaci\u00f3n de Don Juan Carlos Parborell, este en esos momentos se encontraba&hellip;<a href=\"https:\/\/bomberospergamino.com\/index.php\/historia\/\" class=\"more-link\"><span class=\"more-button\">Leer m\u00e1s<span class=\"screen-reader-text\">Historia<\/span><\/span><\/a><\/p>\n","protected":false},"author":1,"featured_media":0,"parent":0,"menu_order":0,"comment_status":"closed","ping_status":"closed","template":"","meta":[],"_links":{"self":[{"href":"https:\/\/bomberospergamino.com\/index.php\/wp-json\/wp\/v2\/pages\/155"}],"collection":[{"href":"https:\/\/bomberospergamino.com\/index.php\/wp-json\/wp\/v2\/pages"}],"about":[{"href":"https:\/\/bomberospergamino.com\/index.php\/wp-json\/wp\/v2\/types\/page"}],"author":[{"embeddable":true,"href":"https:\/\/bomberospergamino.com\/index.php\/wp-json\/wp\/v2\/users\/1"}],"replies":[{"embeddable":true,"href":"https:\/\/bomberospergamino.com\/index.php\/wp-json\/wp\/v2\/comments?post=155"}],"version-history":[{"count":11,"href":"https:\/\/bomberospergamino.com\/index.php\/wp-json\/wp\/v2\/pages\/155\/revisions"}],"predecessor-version":[{"id":243,"href":"https:\/\/bomberospergamino.com\/index.php\/wp-json\/wp\/v2\/pages\/155\/revisions\/243"}],"wp:attachment":[{"href":"https:\/\/bomberospergamino.com\/index.php\/wp-json\/wp\/v2\/media?parent=155"}],"curies":[{"name":"wp","href":"https:\/\/api.w.org\/{rel}","templated":true}]}}