{"id":148,"date":"2020-08-16T01:26:57","date_gmt":"2020-08-16T01:26:57","guid":{"rendered":"https:\/\/bomberospergamino.com\/?page_id=148"},"modified":"2024-01-15T13:10:11","modified_gmt":"2024-01-15T13:10:11","slug":"se-bombero","status":"publish","type":"page","link":"https:\/\/bomberospergamino.com\/index.php\/se-bombero\/","title":{"rendered":"S\u00e9 Bombero"},"content":{"rendered":"\t\t<div data-elementor-type=\"wp-page\" data-elementor-id=\"148\" class=\"elementor elementor-148\">\n\t\t\t\t\t\t\t\t\t<section class=\"elementor-section elementor-top-section elementor-element elementor-element-24dd064b elementor-section-boxed elementor-section-height-default elementor-section-height-default\" data-id=\"24dd064b\" data-element_type=\"section\">\n\t\t\t\t\t\t<div class=\"elementor-container elementor-column-gap-default\">\n\t\t\t\t\t<div class=\"elementor-column elementor-col-100 elementor-top-column elementor-element elementor-element-11f28736\" data-id=\"11f28736\" data-element_type=\"column\">\n\t\t\t<div class=\"elementor-widget-wrap elementor-element-populated\">\n\t\t\t\t\t\t\t\t<div class=\"elementor-element elementor-element-49d76f41 elementor-widget elementor-widget-text-editor\" data-id=\"49d76f41\" data-element_type=\"widget\" data-widget_type=\"text-editor.default\">\n\t\t\t\t<div class=\"elementor-widget-container\">\n\t\t\t<style>\/*! elementor - v3.9.2 - 21-12-2022 *\/\n.elementor-widget-text-editor.elementor-drop-cap-view-stacked .elementor-drop-cap{background-color:#818a91;color:#fff}.elementor-widget-text-editor.elementor-drop-cap-view-framed .elementor-drop-cap{color:#818a91;border:3px solid;background-color:transparent}.elementor-widget-text-editor:not(.elementor-drop-cap-view-default) .elementor-drop-cap{margin-top:8px}.elementor-widget-text-editor:not(.elementor-drop-cap-view-default) .elementor-drop-cap-letter{width:1em;height:1em}.elementor-widget-text-editor .elementor-drop-cap{float:left;text-align:center;line-height:1;font-size:50px}.elementor-widget-text-editor .elementor-drop-cap-letter{display:inline-block}<\/style>\t\t\t\t<p><!-- wp:image {\"id\":159,\"width\":743,\"height\":495,\"sizeSlug\":\"large\"} --><\/p>\n<figure><img loading=\"lazy\" src=\"https:\/\/bomberospergamino.com\/wp-content\/uploads\/2020\/08\/76992415_3108724105934959_2524159783167066112_n.jpg\" alt=\"\" width=\"743\" height=\"495\" \/><\/figure>\n<p><!-- \/wp:image -->\n\n<!-- wp:paragraph --><\/p>\n<p>Anualmente se abre un curso de ingreso de Aspirantes a Bomberos donde luego de aproximadamente un a\u00f1o de cursado te\u00f3rico y pr\u00e1ctico, habiendo aprobado y cumplido todas las exigencias institucionales ser\u00e1n capaces de realizar tan loable tarea, la de ser un Bombero Voluntario.<\/p>\n<p><!-- \/wp:paragraph -->\n\n<!-- wp:paragraph --><\/p>\n<p>Si te interesa ser un Bombero llena los datos solicitados aqu\u00ed:<\/p>\n<p><!-- \/wp:paragraph -->\n\n<!-- wp:paragraph --><\/p>\n<p>\u201cPlanilla de solicitud a Aspirante a Bombero\u201d. <a href=\"https:\/\/forms.gle\/GGHCXVRpbhosyvMQ9\">https:\/\/forms.gle\/GGHCXVRpbhosyvMQ9<\/a><\/p>\n<p><!-- \/wp:paragraph -->\n\n<!-- wp:gallery {\"ids\":[165,162,161,166,167],\"linkTo\":\"none\"} --><\/p>\n<figure>\n<ul>\n<li>\n<figure><img loading=\"lazy\" src=\"https:\/\/bomberospergamino.com\/wp-content\/uploads\/2020\/08\/89942218_3216136115193757_1692287637987000320_o-1-1024x605.png\" alt=\"\" width=\"208\" height=\"123\" data-id=\"165\" data-link=\"https:\/\/bomberospergamino.com\/index.php\/se-bombero\/89942218_3216136115193757_1692287637987000320_o-1\/\" \/><\/figure>\n<\/li>\n<li>\n<figure><img src=\"https:\/\/bomberospergamino.com\/wp-content\/uploads\/2020\/08\/89347209_3216136205193748_5789348368610230272_o-1024x575.jpg\" alt=\"\" data-id=\"162\" data-link=\"https:\/\/bomberospergamino.com\/index.php\/se-bombero\/89347209_3216136205193748_5789348368610230272_o\/\" \/><\/figure>\n<\/li>\n<li>\n<figure><img src=\"https:\/\/bomberospergamino.com\/wp-content\/uploads\/2020\/08\/89774565_3216136281860407_1578379212601950208_o-1024x768.jpg\" alt=\"\" data-id=\"161\" data-link=\"https:\/\/bomberospergamino.com\/index.php\/se-bombero\/89774565_3216136281860407_1578379212601950208_o\/\" \/><\/figure>\n<\/li>\n<li>\n<figure><img src=\"https:\/\/bomberospergamino.com\/wp-content\/uploads\/2020\/08\/74209837_3086477831492920_6451225579365597184_o-1-1024x683.jpg\" alt=\"\" data-id=\"166\" data-link=\"https:\/\/bomberospergamino.com\/index.php\/se-bombero\/74209837_3086477831492920_6451225579365597184_o-1\/\" \/><\/figure>\n<\/li>\n<li>\n<figure><img src=\"https:\/\/bomberospergamino.com\/wp-content\/uploads\/2020\/08\/71644591_3042024782604892_3051376940125519872_o-1-1024x683.jpg\" alt=\"\" data-id=\"167\" data-full-url=\"https:\/\/bomberospergamino.com\/wp-content\/uploads\/2020\/08\/71644591_3042024782604892_3051376940125519872_o-1.jpg\" data-link=\"https:\/\/bomberospergamino.com\/index.php\/se-bombero\/71644591_3042024782604892_3051376940125519872_o-1\/\" \/><\/figure>\n<\/li>\n<\/ul>\n<\/figure>\n<p><!-- \/wp:gallery -->\n\n<!-- wp:paragraph --><\/p>\n<p>Contenido descargable para el ingreso del curso: <a href=\"https:\/\/drive.google.com\/file\/d\/1iuMS4scTvmxD2LC6j_3_br0v1o2ZM-4i\/view?usp=sharing\" data-type=\"URL\" data-id=\"https:\/\/drive.google.com\/file\/d\/1iuMS4scTvmxD2LC6j_3_br0v1o2ZM-4i\/view?usp=sharing\">https:\/\/drive.google.com\/file\/d\/1iuMS4scTvmxD2LC6j_3_br0v1o2ZM-4i\/view?usp=sharing<\/a><\/p>\n<p><!-- \/wp:paragraph -->\n\n<!-- wp:paragraph --><\/p>\n<p><!-- \/wp:paragraph --><\/p>\t\t\t\t\t\t<\/div>\n\t\t\t\t<\/div>\n\t\t\t\t\t<\/div>\n\t\t<\/div>\n\t\t\t\t\t\t\t<\/div>\n\t\t<\/section>\n\t\t\t\t\t\t\t<\/div>\n\t\t","protected":false},"excerpt":{"rendered":"<p>Anualmente se abre un curso de ingreso de Aspirantes a Bomberos donde luego de aproximadamente un a\u00f1o de cursado te\u00f3rico y pr\u00e1ctico, habiendo aprobado y cumplido todas las exigencias institucionales&hellip;<a href=\"https:\/\/bomberospergamino.com\/index.php\/se-bombero\/\" class=\"more-link\"><span class=\"more-button\">Leer m\u00e1s<span class=\"screen-reader-text\">S\u00e9 Bombero<\/span><\/span><\/a><\/p>\n","protected":false},"author":1,"featured_media":0,"parent":0,"menu_order":0,"comment_status":"closed","ping_status":"closed","template":"","meta":[],"_links":{"self":[{"href":"https:\/\/bomberospergamino.com\/index.php\/wp-json\/wp\/v2\/pages\/148"}],"collection":[{"href":"https:\/\/bomberospergamino.com\/index.php\/wp-json\/wp\/v2\/pages"}],"about":[{"href":"https:\/\/bomberospergamino.com\/index.php\/wp-json\/wp\/v2\/types\/page"}],"author":[{"embeddable":true,"href":"https:\/\/bomberospergamino.com\/index.php\/wp-json\/wp\/v2\/users\/1"}],"replies":[{"embeddable":true,"href":"https:\/\/bomberospergamino.com\/index.php\/wp-json\/wp\/v2\/comments?post=148"}],"version-history":[{"count":16,"href":"https:\/\/bomberospergamino.com\/index.php\/wp-json\/wp\/v2\/pages\/148\/revisions"}],"predecessor-version":[{"id":526,"href":"https:\/\/bomberospergamino.com\/index.php\/wp-json\/wp\/v2\/pages\/148\/revisions\/526"}],"wp:attachment":[{"href":"https:\/\/bomberospergamino.com\/index.php\/wp-json\/wp\/v2\/media?parent=148"}],"curies":[{"name":"wp","href":"https:\/\/api.w.org\/{rel}","templated":true}]}}