{"id":137,"date":"2020-08-14T03:50:48","date_gmt":"2020-08-14T03:50:48","guid":{"rendered":"https:\/\/bomberospergamino.com\/?page_id=137"},"modified":"2021-10-16T02:00:43","modified_gmt":"2021-10-16T02:00:43","slug":"saludo-uno-al-cielo","status":"publish","type":"page","link":"https:\/\/bomberospergamino.com\/index.php\/saludo-uno-al-cielo\/","title":{"rendered":"Saludo uno al cielo"},"content":{"rendered":"\n<div class=\"wp-block-image\"><figure class=\"aligncenter size-large\"><img loading=\"lazy\" width=\"539\" height=\"539\" src=\"https:\/\/bomberospergamino.com\/wp-content\/uploads\/2020\/08\/Fernando_1.jpg\" alt=\"\" class=\"wp-image-138\" srcset=\"https:\/\/bomberospergamino.com\/wp-content\/uploads\/2020\/08\/Fernando_1.jpg 539w, https:\/\/bomberospergamino.com\/wp-content\/uploads\/2020\/08\/Fernando_1-300x300.jpg 300w, https:\/\/bomberospergamino.com\/wp-content\/uploads\/2020\/08\/Fernando_1-150x150.jpg 150w, https:\/\/bomberospergamino.com\/wp-content\/uploads\/2020\/08\/Fernando_1-100x100.jpg 100w\" sizes=\"(max-width: 539px) 100vw, 539px\" \/><figcaption>Fernando Tom\u00e1s Esquivel, ca\u00eddo en cumplimiento del deber<\/figcaption><\/figure><\/div>\n\n\n\n<p>Este fue nuestro gran compa\u00f1ero y amigo FERNANDO TOMAS ESQUIVEL, ca\u00eddo en cumplimiento del deber en la inundaci\u00f3n que asol\u00f3 a Pergamino en el a\u00f1o 1995. Excelente persona, compa\u00f1ero fiel y servicial.<br>Fernando era uno m\u00e1s como cualquiera de nosotros y se fue demasiado pronto de este mundo, tratando de dar una mano al que la necesitara.<br>Solo queremos hoy, hacerles conocer el rostro de la persona que dio su vida por la de los dem\u00e1s y se den cuenta que no era solamente un nombre de una calle o un monolito en su memoria. Era un HOMBRE muy joven que dej\u00f3 truncos sus deseos de vivir, por el solo hecho de seguir su vocaci\u00f3n de servicio.<br>Es por quien lloramos los bomberos de Pergamino cada 7 de abril.<br>Pasan los a\u00f1os, y te recordamos como el primer d\u00eda, porque prometimos no olvidarte nunca.<br><br>No hay amor m\u00e1s grande que dar la vida por los dem\u00e1s.<br><br>SubOficial Ayudante Fernando Tom\u00e1s Esquivel<br>2 de junio 1968 &#8211; 7 de abril 1995<br>Ca\u00eddo en cumplimiento del deber.<br>Saludo Uno al cielo<\/p>\n\n\n\n<div class=\"wp-block-image\"><figure class=\"aligncenter size-medium is-resized\"><img loading=\"lazy\" src=\"https:\/\/bomberospergamino.com\/wp-content\/uploads\/2020\/08\/Fernando_2-287x300.jpg\" alt=\"\" class=\"wp-image-142\" width=\"450\" height=\"470\" srcset=\"https:\/\/bomberospergamino.com\/wp-content\/uploads\/2020\/08\/Fernando_2-287x300.jpg 287w, https:\/\/bomberospergamino.com\/wp-content\/uploads\/2020\/08\/Fernando_2-979x1024.jpg 979w, https:\/\/bomberospergamino.com\/wp-content\/uploads\/2020\/08\/Fernando_2-768x804.jpg 768w, https:\/\/bomberospergamino.com\/wp-content\/uploads\/2020\/08\/Fernando_2-600x628.jpg 600w, https:\/\/bomberospergamino.com\/wp-content\/uploads\/2020\/08\/Fernando_2.jpg 1080w\" sizes=\"(max-width: 450px) 100vw, 450px\" \/><\/figure><\/div>\n","protected":false},"excerpt":{"rendered":"<p>Este fue nuestro gran compa\u00f1ero y amigo FERNANDO TOMAS ESQUIVEL, ca\u00eddo en cumplimiento del deber en la inundaci\u00f3n que asol\u00f3 a Pergamino en el a\u00f1o 1995. Excelente persona, compa\u00f1ero fiel&hellip;<a href=\"https:\/\/bomberospergamino.com\/index.php\/saludo-uno-al-cielo\/\" class=\"more-link\"><span class=\"more-button\">Leer m\u00e1s<span class=\"screen-reader-text\">Saludo uno al cielo<\/span><\/span><\/a><\/p>\n","protected":false},"author":1,"featured_media":0,"parent":0,"menu_order":0,"comment_status":"closed","ping_status":"closed","template":"","meta":[],"_links":{"self":[{"href":"https:\/\/bomberospergamino.com\/index.php\/wp-json\/wp\/v2\/pages\/137"}],"collection":[{"href":"https:\/\/bomberospergamino.com\/index.php\/wp-json\/wp\/v2\/pages"}],"about":[{"href":"https:\/\/bomberospergamino.com\/index.php\/wp-json\/wp\/v2\/types\/page"}],"author":[{"embeddable":true,"href":"https:\/\/bomberospergamino.com\/index.php\/wp-json\/wp\/v2\/users\/1"}],"replies":[{"embeddable":true,"href":"https:\/\/bomberospergamino.com\/index.php\/wp-json\/wp\/v2\/comments?post=137"}],"version-history":[{"count":6,"href":"https:\/\/bomberospergamino.com\/index.php\/wp-json\/wp\/v2\/pages\/137\/revisions"}],"predecessor-version":[{"id":353,"href":"https:\/\/bomberospergamino.com\/index.php\/wp-json\/wp\/v2\/pages\/137\/revisions\/353"}],"wp:attachment":[{"href":"https:\/\/bomberospergamino.com\/index.php\/wp-json\/wp\/v2\/media?parent=137"}],"curies":[{"name":"wp","href":"https:\/\/api.w.org\/{rel}","templated":true}]}}