{"id":121,"date":"2020-08-11T19:36:06","date_gmt":"2020-08-11T19:36:06","guid":{"rendered":"https:\/\/bomberospergamino.com\/?page_id=121"},"modified":"2021-10-16T02:02:03","modified_gmt":"2021-10-16T02:02:03","slug":"servicios","status":"publish","type":"page","link":"https:\/\/bomberospergamino.com\/index.php\/servicios\/","title":{"rendered":"Servicios"},"content":{"rendered":"\n<p> El art\u00edculo 3\u00ba de la Ley provincial 10.917, reconoce el car\u00e1cter de servicio p\u00fablico a las actividades de los Cuerpos de Bomberos Voluntarios. El art\u00edculo 23\u00ba de la misma ley, establece la misi\u00f3n que debe cumplir el Cuerpo Activo:<\/p>\n\n\n\n<ul><li>a) Prevenci\u00f3n y extinci\u00f3n de incendios.<\/li><li>b) Rescate y salvamento de personas y bienes.<\/li><li>c) Conservaci\u00f3n de los materiales y equipos para salvamento y contra incendio.<\/li><li>d) Informaci\u00f3n y educaci\u00f3n de la comunidad, sobre el servicio que les incumbe.<\/li><li>e) Intervenci\u00f3n, en general, en toda acci\u00f3n que haga a su misi\u00f3n.<\/li><\/ul>\n\n\n\n<p>Por lo tanto, y siendo tan gen\u00e9rico el alcance de los conceptos de la ley, Bomberos Voluntarios ha procedido a clasificar sus obligaciones para con la comunidad (en adelante, SERVICIOS), seg\u00fan la urgencia con que se deben prestar. Teniendo as\u00ed 2 tipos: de emergencia, y especiales.<\/p>\n\n\n\n<p><span style=\"text-decoration: underline;\"><strong>SERVICIOS DE EMERGENCIA<\/strong>:<\/span><\/p>\n\n\n\n<p>Son quellos que no admiten dilaci\u00f3n de ninguna naturaleza, por lo tanto, se convoca de inmediato al personal y quedando a cargo del serivicio, el superior en el momento de la convocatoria. Dentro de estos servicios se clasifican:<\/p>\n\n\n\n<ul><li>INCENDIOS en GENERAL<\/li><li>INCENDIOS FORESTALES<\/li><li>AUXILIOS<\/li><li>DESASTRES<\/li><li>INCIDENTES CON MATERIALES PELIGROSOS<\/li><li>COLABORACI\u00d3N (A otros Cuerpos, que lo requieren, por los tipos de servicio, antes enumerados.)<\/li><\/ul>\n\n\n\n<p><strong><span style=\"text-decoration: underline;\">SERVICIOS ESPECIALES:<\/span><\/strong><\/p>\n\n\n\n<p>Son todos aquellos servicios que se originen por diversos hechos no comprendidos dentro de la presente clasificaci\u00f3n en los otros rubros, y que pudiera prestar la instituci\u00f3n, sin urgencia, u obligatoriedad y que lo efect\u00faa por contar con los medios adecuados por la voluntaria disposici\u00f3n del Cuerpo Activo. Por no estar prevista su prestaci\u00f3n dentro de las leyes, o sea no hacen al SERVICIO PUBLICO previsto en la ley, su realizaci\u00f3n queda como facultad del Jefe del Cuerpo Activo, quien se manejar\u00e1 de acuerdo a una pol\u00edtica preestablecida por la instituci\u00f3n. Se pueden clasificar dentro de estos servicios, trabajos en altura, suministros de agua, podas, hidro lavados, trabajos con gr\u00faa, capacitaciones de distintas \u00edndoles, etc.<br><\/p>\n\n\n\n<p>Con la intensi\u00f3n de poder recaudar fondos y asegurar la operatividad del los servicios de emergencia ofrecemos los anteriores trabajos mencionados. Ante cualquier consulta puede comunicarse al 2477 43800.<\/p>\n\n\n\n<figure class=\"wp-block-gallery columns-3 is-cropped\"><ul class=\"blocks-gallery-grid\"><li class=\"blocks-gallery-item\"><figure><img loading=\"lazy\" width=\"960\" height=\"960\" src=\"https:\/\/bomberospergamino.com\/wp-content\/uploads\/2020\/08\/FB_IMG_1597722070181-1.jpg\" alt=\"\" data-id=\"215\" data-link=\"https:\/\/bomberospergamino.com\/index.php\/servicios\/fb_img_1597722070181-1\/\" class=\"wp-image-215\" srcset=\"https:\/\/bomberospergamino.com\/wp-content\/uploads\/2020\/08\/FB_IMG_1597722070181-1.jpg 960w, https:\/\/bomberospergamino.com\/wp-content\/uploads\/2020\/08\/FB_IMG_1597722070181-1-300x300.jpg 300w, https:\/\/bomberospergamino.com\/wp-content\/uploads\/2020\/08\/FB_IMG_1597722070181-1-150x150.jpg 150w, https:\/\/bomberospergamino.com\/wp-content\/uploads\/2020\/08\/FB_IMG_1597722070181-1-768x768.jpg 768w, https:\/\/bomberospergamino.com\/wp-content\/uploads\/2020\/08\/FB_IMG_1597722070181-1-600x600.jpg 600w, https:\/\/bomberospergamino.com\/wp-content\/uploads\/2020\/08\/FB_IMG_1597722070181-1-100x100.jpg 100w\" sizes=\"(max-width: 960px) 100vw, 960px\" \/><\/figure><\/li><li class=\"blocks-gallery-item\"><figure><img loading=\"lazy\" width=\"1024\" height=\"1024\" src=\"https:\/\/bomberospergamino.com\/wp-content\/uploads\/2020\/08\/FB_IMG_1597722228975-1-1024x1024.jpg\" alt=\"\" data-id=\"216\" data-link=\"https:\/\/bomberospergamino.com\/index.php\/servicios\/fb_img_1597722228975-1\/\" class=\"wp-image-216\" srcset=\"https:\/\/bomberospergamino.com\/wp-content\/uploads\/2020\/08\/FB_IMG_1597722228975-1-1024x1024.jpg 1024w, https:\/\/bomberospergamino.com\/wp-content\/uploads\/2020\/08\/FB_IMG_1597722228975-1-300x300.jpg 300w, https:\/\/bomberospergamino.com\/wp-content\/uploads\/2020\/08\/FB_IMG_1597722228975-1-150x150.jpg 150w, https:\/\/bomberospergamino.com\/wp-content\/uploads\/2020\/08\/FB_IMG_1597722228975-1-768x768.jpg 768w, https:\/\/bomberospergamino.com\/wp-content\/uploads\/2020\/08\/FB_IMG_1597722228975-1-600x600.jpg 600w, https:\/\/bomberospergamino.com\/wp-content\/uploads\/2020\/08\/FB_IMG_1597722228975-1-100x100.jpg 100w, https:\/\/bomberospergamino.com\/wp-content\/uploads\/2020\/08\/FB_IMG_1597722228975-1.jpg 1080w\" sizes=\"(max-width: 1024px) 100vw, 1024px\" \/><\/figure><\/li><li class=\"blocks-gallery-item\"><figure><img loading=\"lazy\" width=\"1024\" height=\"1024\" src=\"https:\/\/bomberospergamino.com\/wp-content\/uploads\/2020\/08\/FB_IMG_1597722220723-1-1024x1024.jpg\" alt=\"\" data-id=\"217\" data-full-url=\"https:\/\/bomberospergamino.com\/wp-content\/uploads\/2020\/08\/FB_IMG_1597722220723-1.jpg\" data-link=\"https:\/\/bomberospergamino.com\/index.php\/servicios\/fb_img_1597722220723-1\/\" class=\"wp-image-217\" srcset=\"https:\/\/bomberospergamino.com\/wp-content\/uploads\/2020\/08\/FB_IMG_1597722220723-1-1024x1024.jpg 1024w, https:\/\/bomberospergamino.com\/wp-content\/uploads\/2020\/08\/FB_IMG_1597722220723-1-300x300.jpg 300w, https:\/\/bomberospergamino.com\/wp-content\/uploads\/2020\/08\/FB_IMG_1597722220723-1-150x150.jpg 150w, https:\/\/bomberospergamino.com\/wp-content\/uploads\/2020\/08\/FB_IMG_1597722220723-1-768x768.jpg 768w, https:\/\/bomberospergamino.com\/wp-content\/uploads\/2020\/08\/FB_IMG_1597722220723-1-600x600.jpg 600w, https:\/\/bomberospergamino.com\/wp-content\/uploads\/2020\/08\/FB_IMG_1597722220723-1-100x100.jpg 100w, https:\/\/bomberospergamino.com\/wp-content\/uploads\/2020\/08\/FB_IMG_1597722220723-1.jpg 1080w\" sizes=\"(max-width: 1024px) 100vw, 1024px\" \/><\/figure><\/li><\/ul><\/figure>\n\n\n\n<figure class=\"wp-block-gallery columns-2 is-cropped\"><ul class=\"blocks-gallery-grid\"><li class=\"blocks-gallery-item\"><figure><img loading=\"lazy\" width=\"1024\" height=\"1024\" src=\"https:\/\/bomberospergamino.com\/wp-content\/uploads\/2020\/08\/FB_IMG_1597722209662-3-1024x1024.jpg\" alt=\"\" data-id=\"218\" data-link=\"https:\/\/bomberospergamino.com\/index.php\/servicios\/fb_img_1597722209662-3\/\" class=\"wp-image-218\" srcset=\"https:\/\/bomberospergamino.com\/wp-content\/uploads\/2020\/08\/FB_IMG_1597722209662-3-1024x1024.jpg 1024w, https:\/\/bomberospergamino.com\/wp-content\/uploads\/2020\/08\/FB_IMG_1597722209662-3-300x300.jpg 300w, https:\/\/bomberospergamino.com\/wp-content\/uploads\/2020\/08\/FB_IMG_1597722209662-3-150x150.jpg 150w, https:\/\/bomberospergamino.com\/wp-content\/uploads\/2020\/08\/FB_IMG_1597722209662-3-768x768.jpg 768w, https:\/\/bomberospergamino.com\/wp-content\/uploads\/2020\/08\/FB_IMG_1597722209662-3-600x600.jpg 600w, https:\/\/bomberospergamino.com\/wp-content\/uploads\/2020\/08\/FB_IMG_1597722209662-3-100x100.jpg 100w, https:\/\/bomberospergamino.com\/wp-content\/uploads\/2020\/08\/FB_IMG_1597722209662-3.jpg 1080w\" sizes=\"(max-width: 1024px) 100vw, 1024px\" \/><\/figure><\/li><li class=\"blocks-gallery-item\"><figure><img loading=\"lazy\" width=\"985\" height=\"457\" src=\"https:\/\/bomberospergamino.com\/wp-content\/uploads\/2020\/08\/FB_IMG_1597722547509-1.jpg\" alt=\"\" data-id=\"219\" data-full-url=\"https:\/\/bomberospergamino.com\/wp-content\/uploads\/2020\/08\/FB_IMG_1597722547509-1.jpg\" data-link=\"https:\/\/bomberospergamino.com\/index.php\/servicios\/fb_img_1597722547509-1\/\" class=\"wp-image-219\" srcset=\"https:\/\/bomberospergamino.com\/wp-content\/uploads\/2020\/08\/FB_IMG_1597722547509-1.jpg 985w, https:\/\/bomberospergamino.com\/wp-content\/uploads\/2020\/08\/FB_IMG_1597722547509-1-300x139.jpg 300w, https:\/\/bomberospergamino.com\/wp-content\/uploads\/2020\/08\/FB_IMG_1597722547509-1-768x356.jpg 768w, https:\/\/bomberospergamino.com\/wp-content\/uploads\/2020\/08\/FB_IMG_1597722547509-1-600x278.jpg 600w\" sizes=\"(max-width: 985px) 100vw, 985px\" \/><\/figure><\/li><\/ul><\/figure>\n\n\n\n<p><\/p>\n","protected":false},"excerpt":{"rendered":"<p>El art\u00edculo 3\u00ba de la Ley provincial 10.917, reconoce el car\u00e1cter de servicio p\u00fablico a las actividades de los Cuerpos de Bomberos Voluntarios. El art\u00edculo 23\u00ba de la misma ley,&hellip;<a href=\"https:\/\/bomberospergamino.com\/index.php\/servicios\/\" class=\"more-link\"><span class=\"more-button\">Leer m\u00e1s<span class=\"screen-reader-text\">Servicios<\/span><\/span><\/a><\/p>\n","protected":false},"author":1,"featured_media":0,"parent":0,"menu_order":0,"comment_status":"closed","ping_status":"closed","template":"","meta":[],"_links":{"self":[{"href":"https:\/\/bomberospergamino.com\/index.php\/wp-json\/wp\/v2\/pages\/121"}],"collection":[{"href":"https:\/\/bomberospergamino.com\/index.php\/wp-json\/wp\/v2\/pages"}],"about":[{"href":"https:\/\/bomberospergamino.com\/index.php\/wp-json\/wp\/v2\/types\/page"}],"author":[{"embeddable":true,"href":"https:\/\/bomberospergamino.com\/index.php\/wp-json\/wp\/v2\/users\/1"}],"replies":[{"embeddable":true,"href":"https:\/\/bomberospergamino.com\/index.php\/wp-json\/wp\/v2\/comments?post=121"}],"version-history":[{"count":6,"href":"https:\/\/bomberospergamino.com\/index.php\/wp-json\/wp\/v2\/pages\/121\/revisions"}],"predecessor-version":[{"id":355,"href":"https:\/\/bomberospergamino.com\/index.php\/wp-json\/wp\/v2\/pages\/121\/revisions\/355"}],"wp:attachment":[{"href":"https:\/\/bomberospergamino.com\/index.php\/wp-json\/wp\/v2\/media?parent=121"}],"curies":[{"name":"wp","href":"https:\/\/api.w.org\/{rel}","templated":true}]}}